{"id":10,"date":"2019-06-23T15:52:54","date_gmt":"2019-06-23T15:52:54","guid":{"rendered":"https:\/\/xfrenchies.com\/tags\/"},"modified":"2019-06-23T15:52:54","modified_gmt":"2019-06-23T15:52:54","slug":"tags","status":"publish","type":"page","link":"https:\/\/leakmyporn.com\/fr\/tags\/","title":{"rendered":"Tags"},"content":{"rendered":"<h2>Bienvenue sur leakmyporn.com\/, le meilleur site de porno gratuit concernant les mamans. Retrouver les meilleures tags pornographique en lien avec les milfs<\/h2>\n<p>Premi\u00e8rement une des choses les plus importantes sur un site porno apr\u00e8s les vid\u00e9os gratuites ce son bien les tags ! Et m\u00eame si notre site ne contient que des jolies mamans qui ont faim de bites, il \u00e9tait important pour nous de trier toutes ces salopes dans diff\u00e9rentes tags. Si bien que que vous pouvez d\u00e8s \u00e0 pr\u00e9sent choisir parmi notre <strong>grand nombre de tags<\/strong>, les vid\u00e9os qui vous conviennent le plus. C&rsquo;est vrai apr\u00e8s tout, un jour on peut avoir envie de voir des mamans se prendre des <a href=\"https:\/\/leakmyporn.com\/fr\/tag\/facial\/\">\u00e9jaculations faciales<\/a>. Alors qu&rsquo;un autre jour une maman qui se fait bien baiser avec des <a href=\"https:\/\/leakmyporn.com\/fr\/tag\/tights\/\">collants<\/a> peut nous plaire plus ou juste une maman qui se fait ramoner la <a href=\"https:\/\/leakmyporn.com\/fr\/tag\/well-fucked\/\">chatte<\/a> .<\/p>\n<p>A ce jour ce qui d\u00e9finit le mieux <strong>leakmyporn.com\/<\/strong> ? S\u00fbrement sa qualit\u00e9 et sa gratuit\u00e9. Car ici toutes les vid\u00e9os concernant des mamans sont totalement gratuites. Pas besoin d&rsquo;inscription ou quoi que ce soit d&rsquo;autres. Donc trouve la vid\u00e9o pornographique qui te pla\u00eet le plus, la maman la plus chaude qui t&rsquo;excite le plus et branle toi sans rien d\u00e9bourser et sans perdre de temps. Tout est simple est gratuit ici. D&rsquo;ailleurs c&rsquo;est s\u00fbrement pour \u00e7a que nous sommes d\u00e9j\u00e0 ton site de streaming prono pr\u00e9f\u00e9r\u00e9 !<\/p>\n<h2>leakmyporn.com\/ est un site fluide et optimis\u00e9 pour \u00eatre accessible en toutes circonstances<\/h2>\n<p>Que vous soyez sur ordinateur, t\u00e9l\u00e9phone intelligent, tablette, xbox ou ps4 <a href=\"https:\/\/leakmyporn.com\/fr\/\"> leakmyporn.com\/<\/a> est disponible, fluide et rapide. Vous pourrez donc acc\u00e9der aux <strong>vid\u00e9os, aux films ou aux photos gratuitement<\/strong>. Quel que soit le <strong>tags<\/strong> que vous allez choisir vous trouverez les meilleurs milfs \u00e0 travers le monde et cela <strong>sans avoir d&rsquo;argent \u00e0 d\u00e9bourser<\/strong>, tu pourras trier nos vid\u00e9os par tags. Utilise la recherche intelligente ou bien nos tags de vid\u00e9os afin de trouver les vid\u00e9os XXX qui t&apos;excitent le plus et qui te donne satisfaction.<\/p>\n<p>Dans l&apos;industrie du porno et plus pr\u00e9cis\u00e9ment dans la cat\u00e9gorie des mamans la concurrence est vraiment rude certes mais c&apos;est gr\u00e2ce \u00e0 \u00e7a que sur leakmyporn.com\/ nous avons fait une s\u00e9lection des meilleures vid\u00e9os de milf. Une pr\u00e9f\u00e9rence pour les milfs avec des Gros seins ? Pas de probl\u00e8me utilise le tag <a href=\"https:\/\/leakmyporn.com\/fr\/tag\/big-tits\">Gros seins<\/a> ! Tu pr\u00e9f\u00e8res les petits seins finalement ? Aucun probl\u00e8me utilises donc le tag inverse <a href=\"https:\/\/leakmyporn.com\/fr\/tag\/small-tits\">Petits seins<\/a><\/p>\n<h2>Chez MomPornOnly la qualit\u00e9 de notre contenu est plus importante que la quantit\u00e9 !<\/h2>\n<p>En effet ! C&apos;est important \u00e0 nos yeux, contrairement \u00e0 nos concurrent ou aux g\u00e9ants du prono xvideos.com, pornhub.com, xhamster.com ou encore youporn.com. Tous ces sites qui ont pour objectif d&apos;avoir le plus de vid\u00e9os pornographiques possible ne s\u2019int\u00e9resse pas \u00e0 la qualit\u00e9 de leurs contenus. Alors que c&apos;est tout le contraire chez leakmyporn.com\/!<\/p>\n<p>Nous avons fait une s\u00e9lection des meilleures vid\u00e9os de porno milf qui existe et nous continuons d&apos;ajouter des vid\u00e9os XXX r\u00e9guli\u00e8rement. Retrouver donc des vid\u00e9os de sexe HD, 1080p ou m\u00eame en 4K et cela <strong>sans payer ni sortir votre carte de cr\u00e9dit<\/strong> et si votre connexion internet ne vous permet pas de regarder des contenus en aussi bonne qualit\u00e9 pas de probl\u00e8me notre player de vid\u00e9o vous permet de changer de qualit\u00e9 et de voir des Blondes, des pipes, de l&rsquo;amateur ou encore de l&rsquo;anal en 180p, 240p, 480p et aussi 720p ! Tu n&rsquo;as plus aucune pour ne pas regarder tes videos XXX de mamans salope chez MomPornOnly !<\/p>\n<h2>MomPornOnly est ton site de milf pr\u00e9f\u00e9r\u00e9 ?<\/h2>\n<p>Alors n&rsquo;h\u00e9site pas \u00e0 aller voir notre autre site si tu aimes voir nos s\u00e9lections de vid\u00e9os. En effet l&rsquo;\u00e9quipe de MomPornOnly est la m\u00eame qui travaille chez <a href=\"https:\/\/xfrenchies.com\/\" target=\"_blank\" rel=\"dofollow noopener noreferrer\">xFrenchies.com<\/a> !<br \/>\nTu y retrouveras de bonnes salopes fran\u00e7aise qui aime la bite. Il ne faut pas croire que les francais sont des prudes, ce sont les plus gros cochons qui existent.<br \/>\nJe vous garantis que nos vid\u00e9os pornographiques sur xFrenchies.com sont exceptionnels et nous disposons d&rsquo;un nombre \u00e9norme de <strong>vid\u00e9os faites \u00e0 la maison<\/strong> et bien amateur que ne dispose aucun des g\u00e9ants du porno et aucun autres sites pornographique ! Des bonnes salopes qui pensait tourner une sextape pour rigoler avec leurs copains du moment mais tout se retrouve sur <a href=\"https:\/\/xfrenchies.com\/\" target=\"_blank\" rel=\"dofollow noopener noreferrer\">xFrenchies.com<\/a> le meilleur site porno gratuit en France ! Nous serons toujours l\u00e0 pour pr\u00f4ner le sexe gratuit !<\/p>\n","protected":false},"excerpt":{"rendered":"<p>Bienvenue sur leakmyporn.com\/, le meilleur site de porno gratuit concernant les mamans. Retrouver les meilleures tags pornographique en lien avec les milfs Premi\u00e8rement une des choses les plus importantes sur un site porno apr\u00e8s les vid\u00e9os gratuites ce son bien les tags ! Et m\u00eame si notre site ne contient que des jolies mamans qui [&hellip;]<\/p>\n","protected":false},"author":1,"featured_media":0,"parent":0,"menu_order":0,"comment_status":"closed","ping_status":"closed","template":"templates\/template-tags.php","meta":{"footnotes":""},"class_list":["post-10","page","type-page","status-publish","hentry"],"_links":{"self":[{"href":"https:\/\/leakmyporn.com\/fr\/wp-json\/wp\/v2\/pages\/10","targetHints":{"allow":["GET"]}}],"collection":[{"href":"https:\/\/leakmyporn.com\/fr\/wp-json\/wp\/v2\/pages"}],"about":[{"href":"https:\/\/leakmyporn.com\/fr\/wp-json\/wp\/v2\/types\/page"}],"author":[{"embeddable":true,"href":"https:\/\/leakmyporn.com\/fr\/wp-json\/wp\/v2\/users\/1"}],"replies":[{"embeddable":true,"href":"https:\/\/leakmyporn.com\/fr\/wp-json\/wp\/v2\/comments?post=10"}],"version-history":[{"count":0,"href":"https:\/\/leakmyporn.com\/fr\/wp-json\/wp\/v2\/pages\/10\/revisions"}],"wp:attachment":[{"href":"https:\/\/leakmyporn.com\/fr\/wp-json\/wp\/v2\/media?parent=10"}],"curies":[{"name":"wp","href":"https:\/\/api.w.org\/{rel}","templated":true}]}}