{"id":13049,"date":"2023-10-13T16:13:40","date_gmt":"2023-10-13T14:13:40","guid":{"rendered":"https:\/\/mompornonly.com\/?page_id=13049"},"modified":"2023-10-13T16:13:40","modified_gmt":"2023-10-13T14:13:40","slug":"best","status":"publish","type":"page","link":"https:\/\/leakmyporn.com\/fr\/videos\/best\/","title":{"rendered":"Best video"},"content":{"rendered":"<p>MomPornOnly est le meilleur site porno de mamans, mais si vous recherchez les meilleures vid\u00e9os porno de milf, c&rsquo;est le bon endroit. Trouvez des milliers de vid\u00e9os de sexe de milf gratuites en qualit\u00e9 HD sur le meilleur site Mom Porn Niche.<\/p>\n","protected":false},"excerpt":{"rendered":"<p>MomPornOnly est le meilleur site porno de mamans, mais si vous recherchez les meilleures vid\u00e9os porno de milf, c&rsquo;est le bon endroit. Trouvez des milliers de vid\u00e9os de sexe de milf gratuites en qualit\u00e9 HD sur le meilleur site Mom Porn Niche.<\/p>\n","protected":false},"author":1,"featured_media":0,"parent":197,"menu_order":0,"comment_status":"closed","ping_status":"closed","template":"templates\/template-videos.php","meta":{"footnotes":""},"class_list":["post-13049","page","type-page","status-publish","hentry"],"_links":{"self":[{"href":"https:\/\/leakmyporn.com\/fr\/wp-json\/wp\/v2\/pages\/13049","targetHints":{"allow":["GET"]}}],"collection":[{"href":"https:\/\/leakmyporn.com\/fr\/wp-json\/wp\/v2\/pages"}],"about":[{"href":"https:\/\/leakmyporn.com\/fr\/wp-json\/wp\/v2\/types\/page"}],"author":[{"embeddable":true,"href":"https:\/\/leakmyporn.com\/fr\/wp-json\/wp\/v2\/users\/1"}],"replies":[{"embeddable":true,"href":"https:\/\/leakmyporn.com\/fr\/wp-json\/wp\/v2\/comments?post=13049"}],"version-history":[{"count":0,"href":"https:\/\/leakmyporn.com\/fr\/wp-json\/wp\/v2\/pages\/13049\/revisions"}],"up":[{"embeddable":true,"href":"https:\/\/leakmyporn.com\/fr\/wp-json\/wp\/v2\/pages\/197"}],"wp:attachment":[{"href":"https:\/\/leakmyporn.com\/fr\/wp-json\/wp\/v2\/media?parent=13049"}],"curies":[{"name":"wp","href":"https:\/\/api.w.org\/{rel}","templated":true}]}}