{"id":13052,"date":"2023-10-13T16:17:30","date_gmt":"2023-10-13T14:17:30","guid":{"rendered":"https:\/\/mompornonly.com\/?page_id=13052"},"modified":"2023-10-13T16:17:30","modified_gmt":"2023-10-13T14:17:30","slug":"most-viewed","status":"publish","type":"page","link":"https:\/\/leakmyporn.com\/fr\/videos\/most-viewed\/","title":{"rendered":"Video most viewed"},"content":{"rendered":"<p>Contenu gratuit des vid\u00e9os porno MILF les plus visionn\u00e9es gratuitement sur MomPornOnly. Retrouvez quelques-unes des stars du porno les plus c\u00e9l\u00e8bres comme Brandi Love, Cory Chase, Alexis Fawx et bien d&rsquo;autres encore&#8230;<\/p>\n","protected":false},"excerpt":{"rendered":"<p>Contenu gratuit des vid\u00e9os porno MILF les plus visionn\u00e9es gratuitement sur MomPornOnly. Retrouvez quelques-unes des stars du porno les plus c\u00e9l\u00e8bres comme Brandi Love, Cory Chase, Alexis Fawx et bien d&rsquo;autres encore&#8230;<\/p>\n","protected":false},"author":1,"featured_media":0,"parent":197,"menu_order":0,"comment_status":"closed","ping_status":"closed","template":"templates\/template-videos.php","meta":{"footnotes":""},"class_list":["post-13052","page","type-page","status-publish","hentry"],"_links":{"self":[{"href":"https:\/\/leakmyporn.com\/fr\/wp-json\/wp\/v2\/pages\/13052","targetHints":{"allow":["GET"]}}],"collection":[{"href":"https:\/\/leakmyporn.com\/fr\/wp-json\/wp\/v2\/pages"}],"about":[{"href":"https:\/\/leakmyporn.com\/fr\/wp-json\/wp\/v2\/types\/page"}],"author":[{"embeddable":true,"href":"https:\/\/leakmyporn.com\/fr\/wp-json\/wp\/v2\/users\/1"}],"replies":[{"embeddable":true,"href":"https:\/\/leakmyporn.com\/fr\/wp-json\/wp\/v2\/comments?post=13052"}],"version-history":[{"count":0,"href":"https:\/\/leakmyporn.com\/fr\/wp-json\/wp\/v2\/pages\/13052\/revisions"}],"up":[{"embeddable":true,"href":"https:\/\/leakmyporn.com\/fr\/wp-json\/wp\/v2\/pages\/197"}],"wp:attachment":[{"href":"https:\/\/leakmyporn.com\/fr\/wp-json\/wp\/v2\/media?parent=13052"}],"curies":[{"name":"wp","href":"https:\/\/api.w.org\/{rel}","templated":true}]}}