{"id":13054,"date":"2023-10-13T16:18:20","date_gmt":"2023-10-13T14:18:20","guid":{"rendered":"https:\/\/mompornonly.com\/?page_id=13054"},"modified":"2023-10-13T16:18:20","modified_gmt":"2023-10-13T14:18:20","slug":"random","status":"publish","type":"page","link":"https:\/\/leakmyporn.com\/fr\/videos\/random\/","title":{"rendered":"Random video"},"content":{"rendered":"<p>Regardez quelques-unes des vid\u00e9os porno MILF sexy al\u00e9atoires sur MomPornOnly, les meilleures vid\u00e9os porno gratuites de maman. Soit la m\u00e8re s&rsquo;est fait baiser par son jeune beau-fils, soit la belle-m\u00e8re baise un jeune gar\u00e7on ou un voisin parce qu&rsquo;ils ont faim de sexe<\/p>\n","protected":false},"excerpt":{"rendered":"<p>Regardez quelques-unes des vid\u00e9os porno MILF sexy al\u00e9atoires sur MomPornOnly, les meilleures vid\u00e9os porno gratuites de maman. Soit la m\u00e8re s&rsquo;est fait baiser par son jeune beau-fils, soit la belle-m\u00e8re baise un jeune gar\u00e7on ou un voisin parce qu&rsquo;ils ont faim de sexe<\/p>\n","protected":false},"author":1,"featured_media":0,"parent":197,"menu_order":0,"comment_status":"closed","ping_status":"closed","template":"templates\/template-videos.php","meta":{"footnotes":""},"class_list":["post-13054","page","type-page","status-publish","hentry"],"_links":{"self":[{"href":"https:\/\/leakmyporn.com\/fr\/wp-json\/wp\/v2\/pages\/13054","targetHints":{"allow":["GET"]}}],"collection":[{"href":"https:\/\/leakmyporn.com\/fr\/wp-json\/wp\/v2\/pages"}],"about":[{"href":"https:\/\/leakmyporn.com\/fr\/wp-json\/wp\/v2\/types\/page"}],"author":[{"embeddable":true,"href":"https:\/\/leakmyporn.com\/fr\/wp-json\/wp\/v2\/users\/1"}],"replies":[{"embeddable":true,"href":"https:\/\/leakmyporn.com\/fr\/wp-json\/wp\/v2\/comments?post=13054"}],"version-history":[{"count":0,"href":"https:\/\/leakmyporn.com\/fr\/wp-json\/wp\/v2\/pages\/13054\/revisions"}],"up":[{"embeddable":true,"href":"https:\/\/leakmyporn.com\/fr\/wp-json\/wp\/v2\/pages\/197"}],"wp:attachment":[{"href":"https:\/\/leakmyporn.com\/fr\/wp-json\/wp\/v2\/media?parent=13054"}],"curies":[{"name":"wp","href":"https:\/\/api.w.org\/{rel}","templated":true}]}}