{"id":13061,"date":"2023-10-13T16:21:48","date_gmt":"2023-10-13T14:21:48","guid":{"rendered":"https:\/\/mompornonly.com\/?page_id=13061"},"modified":"2023-10-13T16:21:48","modified_gmt":"2023-10-13T14:21:48","slug":"most-viewed","status":"publish","type":"page","link":"https:\/\/leakmyporn.com\/fr\/albums\/most-viewed\/","title":{"rendered":"Most viewed photos"},"content":{"rendered":"<p>Allez sur MomPornOnly  pour regarder les photos pornos des albums MILF les plus vues. Ces albums incluent \u00e0 la fois une MILF amateur qui s&rsquo;est fait baiser par un jeune gar\u00e7on, ou m\u00eame des MILF stars du porno qui aiment se faire baiser par une jeune grosse bite.<\/p>\n","protected":false},"excerpt":{"rendered":"<p>Allez sur MomPornOnly pour regarder les photos pornos des albums MILF les plus vues. Ces albums incluent \u00e0 la fois une MILF amateur qui s&rsquo;est fait baiser par un jeune gar\u00e7on, ou m\u00eame des MILF stars du porno qui aiment se faire baiser par une jeune grosse bite.<\/p>\n","protected":false},"author":1,"featured_media":0,"parent":6379,"menu_order":0,"comment_status":"closed","ping_status":"closed","template":"templates\/template-photos.php","meta":{"footnotes":""},"class_list":["post-13061","page","type-page","status-publish","hentry"],"_links":{"self":[{"href":"https:\/\/leakmyporn.com\/fr\/wp-json\/wp\/v2\/pages\/13061","targetHints":{"allow":["GET"]}}],"collection":[{"href":"https:\/\/leakmyporn.com\/fr\/wp-json\/wp\/v2\/pages"}],"about":[{"href":"https:\/\/leakmyporn.com\/fr\/wp-json\/wp\/v2\/types\/page"}],"author":[{"embeddable":true,"href":"https:\/\/leakmyporn.com\/fr\/wp-json\/wp\/v2\/users\/1"}],"replies":[{"embeddable":true,"href":"https:\/\/leakmyporn.com\/fr\/wp-json\/wp\/v2\/comments?post=13061"}],"version-history":[{"count":0,"href":"https:\/\/leakmyporn.com\/fr\/wp-json\/wp\/v2\/pages\/13061\/revisions"}],"up":[{"embeddable":true,"href":"https:\/\/leakmyporn.com\/fr\/wp-json\/wp\/v2\/pages\/6379"}],"wp:attachment":[{"href":"https:\/\/leakmyporn.com\/fr\/wp-json\/wp\/v2\/media?parent=13061"}],"curies":[{"name":"wp","href":"https:\/\/api.w.org\/{rel}","templated":true}]}}