{"id":197,"date":"2019-06-23T21:47:56","date_gmt":"2019-06-23T21:47:56","guid":{"rendered":"https:\/\/xfrenchies.com\/?page_id=197"},"modified":"2019-06-23T21:47:56","modified_gmt":"2019-06-23T21:47:56","slug":"videos","status":"publish","type":"page","link":"https:\/\/leakmyporn.com\/fr\/videos\/","title":{"rendered":"Vid\u00e9os"},"content":{"rendered":"<h2>MomPornOnly, le meilleur site de vid\u00e9os pornographiques gratuit pour voir des mamans se faire baiser<\/h2>\n<p>Bonjour et bienvenue sur <a href=\"https:\/\/leakmyporn.com\/fr\/\">leakmyporn.com\/<\/a>! A ce jour, il n&rsquo;y a plus aucun doute possible, si tu souhaites voir des <strong>mamans cochonnes<\/strong> se faire baiser dans des vid\u00e9os incroyables c&apos;est sur leakmyporn.com\/ que tu dois te rendre. Honn\u00eatement quel autre site te propose une telle quantit\u00e9 de <strong>vid\u00e9os XXX de mamans<\/strong> qui se font troncher ? Aucun autre site que <strong>MomPornOnly<\/strong> ! Car notre \u00e9quipe travail d&rsquo;arrache pieds pour te proposer le contenu le plus qualitatif possible en essayant d&rsquo;avoir le plus de contenu possible ! C&rsquo;est important pour nous de te proposer un contenu pornographique qui te permettra de jouir le plus intens\u00e9ment possible et d&rsquo;assouvir tes fantasmes concernant ces petites <strong>mamans d\u00e9vergond\u00e9es<\/strong> ! Car honn\u00eatement c&rsquo;est bien de voir des femmes nues, mais voir des mamans nues se faire baiser c&rsquo;est vraiment un d\u00e9lice ! Ce qu&rsquo;on aime aussi beaucoup chez MomPornOnly est qui est disponible en grande quantit\u00e9 ce sont les mamans qui apprennent le sexe aux petits jeunes. Voir ces mamans pleines d&rsquo;exp\u00e9riences se faire soulever par leurs beaux-fils ou encore se faire manger la chatte par leurs belles-filles c&rsquo;est sacr\u00e9ment bandant !<\/p>\n<h2>Une large collection de vid\u00e9os tri\u00e9s sur le volet et une grande panoplie de tags et cat\u00e9gories !<\/h2>\n<p>Afin de proposer une qualit\u00e9 de vid\u00e9os XXX irr\u00e9prochable nous avons choisi de trier notre contenu sur le volet avant de vous le mettre \u00e0 disposition. Ce processus qui peut \u00eatre plus long pour sortir des vid\u00e9os, permet en revanche de garantir une tr\u00e8s bonne qualit\u00e9 de vid\u00e9os de cul ! Le meilleur des vid\u00e9os hots <strong>MATURE XXX<\/strong> est disponible gratuitement ! Les matures sont connues pour permettre que tu concr\u00e9tises tes r\u00eaves les plus pr\u00e9cieux, que tu combles tes manques et que tu combles tes d\u00e9sirs insatisfaits. Ces <strong>femmes matures<\/strong> sont les plus sexy et les plus cochonnes au monde ! Les femmes matures en pleine forme sont vraiment bandante, elle pratique souvent le yoga afin de maintenir un corps en forme, garde un \u00e9quilibre physique de son corps, de son cul et de ses seins ! Qui en \u00e9tant jeunes ne r\u00eavaient pas d&rsquo;acqu\u00e9rir de l&rsquo;exp\u00e9rience au pr\u00eat d&rsquo;une cougar salope en manque de bite ? Ces femmes de 40 ans pass\u00e9 ne se rendent pas forc\u00e9ment compte \u00e0 quel point elles sont d\u00e9sir\u00e9es avec leurs gros seins ! En plus souvent ce sont de vraies chiennes ouvertes \u00e0 de nombreuses exp\u00e9riences. Nous sommes les sp\u00e9cialiste de ces femmes matures alors n&rsquo;h\u00e9site pas \u00e0 venir r\u00e9guli\u00e8rement regarder nos <strong>vid\u00e9os XXX<\/strong> et de faire tourner le site \u00e0 tes copains de quartier, de la fac, de travail ou \u00e0 tes proches afin qu&apos;eux aussi acc\u00e8de au bonheur que la branlette sur les femmes matures apporte ! Alors n&apos;h\u00e9site plus et ajoute leakmyporn.com\/ \u00e0 tes sites favoris et recommande nous le plus possible ! MomPornOnly le meilleur site de cul gratuit au monde sur les femmes matures salope !<\/p>\n<h2>Gr\u00e2ce \u00e0 notre technologie vous pouvez trier facilement les vid\u00e9os !<\/h2>\n<p>En effet leakmyporn.com\/ a \u00e9t\u00e9 design\u00e9 pour rendre sa navigation facile et fluide et ce m\u00eame pour les d\u00e9butants, tu peux retrouver dans notre <a href=\"https:\/\/leakmyporn.com\/fr\/videos\/\">page vid\u00e9os<\/a>. Des options qui te permettent de trier les vid\u00e9os, comme l&rsquo;option <a href=\"https:\/\/leakmyporn.com\/fr\/videos\/?filter=derniere\">Nouveaut\u00e9<\/a> qui te permet d&rsquo;acc\u00e8der \u00e0 nos toutes derni\u00e8res vid\u00e9os ou encore l&rsquo;option <a href=\"https:\/\/leakmyporn.com\/fr\/videos\/?filter=plus-vu\">Les plus vues<\/a> qui de mettre en avant les <strong>vid\u00e9os XXX<\/strong> qui totalisent le plus grand nombre de vues. Il y a encore pleins d&rsquo;outils que tu peux d\u00e9couvrir. Tu peux d\u00e9cider d&rsquo;afficher toutes nos vid\u00e9os HD avec le bouton en haut \u00e0 droite pour ainsi profiter des <strong>vid\u00e9os de qualit\u00e9 sup\u00e9rieure<\/strong>. Tous nos outils sont disponibles pour tous, sont faciles d&apos;utilisation et sont surtout gratuits. leakmyporn.com\/ soutient le porno gratuit et \u00e0 porter de toutes les personnes majeurs ! Alors n&apos;h\u00e9site plus et ajoute leakmyporn.com\/ \u00e0 tes favoris et vient te branler quotidiennement sur notre s\u00e9lection de porno de maman salope.<\/p>\n<h3>Retrouve cette technologie sur tous les sites de notre groupe !<\/h2>\n<p>Toute la technologie utiliser par MomPornOnly est aussi disponible sur notre autre site <a href=\"https:\/\/xfrenchies.com\/\">xFrenchies.com<\/a>. C&rsquo;est le petit bijoux du porno fran\u00e7ais. C&rsquo;est le meilleur site de porno fran\u00e7ais et pour votre plus grand plaisir le site est d\u00e9j\u00e0 disponible en Anglais, Fran\u00e7ais et Espagnol ! Les vid\u00e9os des cochonnes fran\u00e7aises disponibles sur le site de xFrenchies sont incroyable et le nombre de vid\u00e9os faites maison est fou. Ce sont des r\u00e9elles <strong>femmes en manquent de bites<\/strong> qui se film r\u00e9guli\u00e8rement et qui alimente le site de leurs corps divin et de leurs jolies petites chattes. Regarder par exemple ces deux jeunes fran\u00e7ais qui tourne une <a href=\"https:\/\/xfrenchies.com\/baise-en-cite-u\/\">sextape dans une chambre \u00e9tudiante<\/a>. C&rsquo;est un plaisir que de naviguer sur xFrenchies tant les Fran\u00e7aises sont de <strong>bonnes cochonnes<\/strong> qui aiment sucer, l\u00e9cher ou avaler. Alors si tu as envies d&rsquo;essayer tu peux te rendre sur le site et commencer \u00e0 regarder des <strong>vid\u00e9os XXX<\/strong> de fran\u00e7aises en illimit\u00e9s et sans d\u00e9bourser d&rsquo;argent, car comme sur MomPornOnly, le site est enti\u00e8rement gratuit et simple d&rsquo;utilisation !<\/p>\n","protected":false},"excerpt":{"rendered":"<p>MomPornOnly, le meilleur site de vid\u00e9os pornographiques gratuit pour voir des mamans se faire baiser Bonjour et bienvenue sur leakmyporn.com\/! A ce jour, il n&rsquo;y a plus aucun doute possible, si tu souhaites voir des mamans cochonnes se faire baiser dans des vid\u00e9os incroyables c&apos;est sur leakmyporn.com\/ que tu dois te rendre. Honn\u00eatement quel autre [&hellip;]<\/p>\n","protected":false},"author":1,"featured_media":0,"parent":0,"menu_order":0,"comment_status":"closed","ping_status":"closed","template":"templates\/template-videos.php","meta":{"footnotes":""},"class_list":["post-197","page","type-page","status-publish","hentry"],"_links":{"self":[{"href":"https:\/\/leakmyporn.com\/fr\/wp-json\/wp\/v2\/pages\/197","targetHints":{"allow":["GET"]}}],"collection":[{"href":"https:\/\/leakmyporn.com\/fr\/wp-json\/wp\/v2\/pages"}],"about":[{"href":"https:\/\/leakmyporn.com\/fr\/wp-json\/wp\/v2\/types\/page"}],"author":[{"embeddable":true,"href":"https:\/\/leakmyporn.com\/fr\/wp-json\/wp\/v2\/users\/1"}],"replies":[{"embeddable":true,"href":"https:\/\/leakmyporn.com\/fr\/wp-json\/wp\/v2\/comments?post=197"}],"version-history":[{"count":0,"href":"https:\/\/leakmyporn.com\/fr\/wp-json\/wp\/v2\/pages\/197\/revisions"}],"wp:attachment":[{"href":"https:\/\/leakmyporn.com\/fr\/wp-json\/wp\/v2\/media?parent=197"}],"curies":[{"name":"wp","href":"https:\/\/api.w.org\/{rel}","templated":true}]}}