{"id":6,"date":"2019-06-23T15:52:54","date_gmt":"2019-06-23T15:52:54","guid":{"rendered":"https:\/\/xfrenchies.com\/actors\/"},"modified":"2019-06-23T15:52:54","modified_gmt":"2019-06-23T15:52:54","slug":"pornstars","status":"publish","type":"page","link":"https:\/\/leakmyporn.com\/fr\/pornstars\/","title":{"rendered":"Pornstars"},"content":{"rendered":"<h2>Les actrices les plus sexy sur MomPornOnly<\/h2>\n<p>D\u00e9couvrez notre s\u00e9lection d&rsquo;actrices les plus sexy d&rsquo;internet, nous avons regroup\u00e9s les MILFs les plus salopes existantes. Vous en trouverez pour tout les go\u00fbts,<strong> blondes, brunes, rousses, noire, asiatique, etc..<\/strong> Sur MomPornOnly nous ne faisons pas les choses \u00e0 moiti\u00e9, il vous suffira de vous rendre une seule fois sur la page pornstars pour comprendre \u00e0 quel point notre \u00e9quipe a du gouts. Vous recherchez peut \u00eatre aussi des mamans aux gros seins ou aux gros culs de ce c\u00f4t\u00e9 vous n&rsquo;avez pas \u00e0 vous inqui\u00e9ter nous avons tout ce qu&rsquo;il vous faut. Avec les plus c\u00e9l\u00e8bres milfs de l&rsquo;industrie du porno, vous les connaissez certainement d\u00e9j\u00e0 toutes pour les plus coquins d&rsquo;entre vous. Nous parlons bien sur de pointure dans le milieu, telle que <strong>Cory Chase, Brandi Love, Nikki Brooks,<\/strong> et tellement d&rsquo;autres qu&rsquo;on ne pourrait toutes vous les citer. L&rsquo;excuse n&rsquo;est plus permise nous avons choisi les MILF les plus sexys et les plus chaudes jamais exist\u00e9es. Si vous \u00eates un fan de porno qui se respecte vous avez d\u00e9j\u00e0 surement entendu parler de ces actrices tr\u00e8s populaires chez les amateurs de sc\u00e8nes porno avec des mamans et leurs fils. Bien entendu chacunes de ces porn stars a ses sp\u00e9cialit\u00e9s. Prenez par exemple Brandy Love, cette femme qui a su se faire sa place dans ce vaste monde qu&rsquo;est la pornographie. Connu surtout pour ces sc\u00e8nes ou\u00f9 elle apprend \u00e0 des jeunes comment baiser, bien entendu elle participe \u00e0 ces sc\u00e8nes de sexe elle reste une salope avant tout. Donneuse de branlette espagnole excellente avec ses gros seins, elle peut m\u00eame prendre deux bites en m\u00eames entre ces seins tellement ils sont \u00e9normes.<\/p>\n<p>Ou m\u00eame Cory Chase et Nikki Brooks qui sont de tr\u00e8s bonnes amies en plus d&rsquo;\u00eatre bonne. Elles ont tourn\u00e9 \u00e9norm\u00e9ment de vid\u00e9os ensembles o\u00f9 elles se tapent un jeune et partage sa bite et sa semence, elle partage m\u00eame leur fils respectif. Vous pourrez retrouver toutes ces vid\u00e9os sur notre site, dans la meilleure des qualit\u00e9s HD mais surtout en illimit\u00e9 et en toute gratuit\u00e9. D\u00e9couvrez les deux <strong>femmes les plus sexys<\/strong> d&rsquo;internet qui vous offrent leurs corps et leurs performances gratuitement sur notre site. Vous d\u00e9couvrirez des vid\u00e9os d&rsquo;elles o\u00f9 elles se bloquent dans tous les endroits de la maison. C&rsquo;est \u00e0 se demander si elles le font expr\u00e8s tellement cela leurs arrivent souvent, que ce soit coinc\u00e9e dans l&rsquo;\u00e9vier, sous un meuble, sous une table, et tellement d&rsquo;autres exemples. Et bien disons que dans ces vid\u00e9os ces femmes appellent leurs fils pour lui demande de l&rsquo;aide afin de les d\u00e9coincer. Mais pour une \u00e9trange raison, la seule fa\u00e7on que trouvent ces derniers pour d\u00e9coincer leurs mamans. C&rsquo;est tout simplement de baiser leur m\u00e8re pendant qu&rsquo;elles sont bloqu\u00e9es. Et le meilleur dans tout cela c&rsquo;est que \u00e7a marche !! Mais ce n&rsquo;est pas pour autant qu&rsquo;ils arr\u00eatent de baiser, NON NON ! Ils continuent jusqu&rsquo;\u00e0 avaler le sperme de leurs enfants. Contrairement aux apparences ces sc\u00e8nes sont tr\u00e8s excitantes, voir une femme se faire baiser violemment sans qu&rsquo;elle ne puisse rien faire, son fils prend bien entendu son pied. Mais toi aussi tu peux prendre ton pied en cliquant sur cette vid\u00e9o qui te fera bander comme un taureau.<\/p>\n<h2>Le meilleur du X sur vos \u00e9crans<\/h2>\n<p>Venez profiter des plus grandes stars de la pornographie, gratuitement. Le meilleur du X sur vos \u00e9crans, disponible pour tous, sous condition d&rsquo;avoir une connexion \u00e0 internet. Mais une chose est sure vous ne pouvez pas manquer ce contenu des plus excitants avec les meilleures actrices du monde, les plus putes, les plus chaudes, et m\u00eame les plus sexys. Il vous suffira juste d&rsquo;un \u00e9cran, une connexion, un mouchoir et vous \u00eates parti pour la <strong>meilleure branlette<\/strong> de votre vie. Vous verrez des femmes matures pleines de perversions et de morbidit\u00e9s, tellement elles sont chaudes avec leurs chattes mouill\u00e9es et leur paire de nichons en plastique. Mais nous proposons aussi des mamans avec de vrais seins, prenez par exemple <strong>Nikky Brooks, Angela White, Channel Preston, Clara Morgane,<\/strong> et bien d&rsquo;autres. Le meilleur site porno du moment gratuit et \u00e0 volont\u00e9. Venez tester l&rsquo;exp\u00e9rience que nous vous proposons, un contenu adapt\u00e9 \u00e0 tous vos d\u00e9sirs les plus fous. Tous vos fantasmes sont ici, que ce soit les pieds, ou n&rsquo;importe qu&rsquo;elle autres pratiques f\u00e9tichistes qui vous plait, nous l&rsquo;avons. D\u00e9couvrez \u00e9galement les jeunes acteurs les plus chauds et les plus chanceux du monde, Juan El Caballo ainsi que Jordi El Nino Polla, qui sont tous deux les deux hommes \u00e0 avoir bais\u00e9 le plus de mamans sur Terre.<\/p>\n","protected":false},"excerpt":{"rendered":"<p>Les actrices les plus sexy sur MomPornOnly D\u00e9couvrez notre s\u00e9lection d&rsquo;actrices les plus sexy d&rsquo;internet, nous avons regroup\u00e9s les MILFs les plus salopes existantes. Vous en trouverez pour tout les go\u00fbts, blondes, brunes, rousses, noire, asiatique, etc.. Sur MomPornOnly nous ne faisons pas les choses \u00e0 moiti\u00e9, il vous suffira de vous rendre une seule [&hellip;]<\/p>\n","protected":false},"author":1,"featured_media":0,"parent":0,"menu_order":0,"comment_status":"closed","ping_status":"closed","template":"templates\/template-actors.php","meta":{"footnotes":""},"class_list":["post-6","page","type-page","status-publish","hentry"],"_links":{"self":[{"href":"https:\/\/leakmyporn.com\/fr\/wp-json\/wp\/v2\/pages\/6","targetHints":{"allow":["GET"]}}],"collection":[{"href":"https:\/\/leakmyporn.com\/fr\/wp-json\/wp\/v2\/pages"}],"about":[{"href":"https:\/\/leakmyporn.com\/fr\/wp-json\/wp\/v2\/types\/page"}],"author":[{"embeddable":true,"href":"https:\/\/leakmyporn.com\/fr\/wp-json\/wp\/v2\/users\/1"}],"replies":[{"embeddable":true,"href":"https:\/\/leakmyporn.com\/fr\/wp-json\/wp\/v2\/comments?post=6"}],"version-history":[{"count":0,"href":"https:\/\/leakmyporn.com\/fr\/wp-json\/wp\/v2\/pages\/6\/revisions"}],"wp:attachment":[{"href":"https:\/\/leakmyporn.com\/fr\/wp-json\/wp\/v2\/media?parent=6"}],"curies":[{"name":"wp","href":"https:\/\/api.w.org\/{rel}","templated":true}]}}