{"id":7,"date":"2019-06-23T15:52:54","date_gmt":"2019-06-23T15:52:54","guid":{"rendered":"https:\/\/xfrenchies.com\/categories\/"},"modified":"2019-06-23T15:52:54","modified_gmt":"2019-06-23T15:52:54","slug":"categories","status":"publish","type":"page","link":"https:\/\/leakmyporn.com\/fr\/categories\/","title":{"rendered":"Cat\u00e9gories"},"content":{"rendered":"<h2>Bienvenue sur leakmyporn.com\/, site de porno de maman compl\u00e8tement gratuit<\/h2>\n<p><strong>MomPornOnly<\/strong> est depuis peu un acteur majeur dans le porno en <strong>streaming porno gratuit<\/strong> avec uniquement des mamans. Chaque jour, nous choisissons des vid\u00e9os de <strong>stepmom<\/strong> de tr\u00e8s bonne qualit\u00e9 pour que nos utilisateurs soient le plus satisfait possible. Sur MomPornOnly, il y a plus de 42 cat\u00e9gories de vid\u00e9os XXX de mom, on peut dire qu&rsquo;il y en a pour tous les go\u00fbts, des plus softs aux plus hardcores et s&rsquo;il manque une cat\u00e9gorie tu peux toujours nous contacter pour que celle-ci soit ajout\u00e9e et remplie dans les heures qui suivent ! <strong>MomPornOnly<\/strong> c&apos;est l&apos;endroit o\u00f9 toutes les mamans les plus chaudes et les plus sexy se font bais\u00e9es en illimit\u00e9 et gratuitement.<\/p>\n<p>Sur leakmyporn.com\/ vous allez pouvoir trouver votre bonheur avec des centaines de vid\u00e9os XXX de mom avec de gros seins. Si vous cherchez un maximum de plaisir vous \u00eates au bon endroit. Une envie de milf sexy, chaude, avec de gros seins, un gros cul et en recherche de sexe gratuit. C&apos;est ici. Tu aimes les MILFs au gros cul alors rends toi ici et trouve ton bonheur : <a href=\"https:\/\/leakmyporn.com\/fr\/category\/big-ass\/\">Gros Cul<\/a><br \/>\nBien entendu contrairement \u00e0 nos concurrents comme <strong>Pornhub, Xvideos, Xhamster<\/strong> et bien d&rsquo;autres encore. Toutes nos vid\u00e9os XXX sont enti\u00e8rement gratuites !<\/p>\n<h2>Des MILFs cochonnes \u00e0 volont\u00e9 sur MomPornOnly<\/h2>\n<p>Tu aimes bien les femmes m\u00fbres, les mamans qui se tapent son fils, les femmes matures qui se font chevauch\u00e9es par leur jeune fils.<br \/>\nDes mamans aux gros seins qui font des branlettes espagnoles, aux belles-mamans qui aiment la bite de leur beau-fils. En allant jusqu&rsquo;au potes de leur m\u00e8re qui se tape ensemble le fils et prennent sa grosse bite dans leur gros cul. Tu peux retrouver tout \u00e7a sur la page cat\u00e9gorie en illimit\u00e9 100% gratuit. Les vid\u00e9os pornos des mamans les plus chaudes \u00e0 porter de simples clics, alors n&rsquo;h\u00e9site pas et fais toi plaisir sur Mompornonly.<\/p>\n<h2>Tu recherches des mamans qui apprennent le sexe ?<\/h2>\n<p>La cat\u00e9gorie <a href=\"https:\/\/leakmyporn.com\/fr\/category\/mom-teach-sex\/\">Mom Teach Sex<\/a> est disponible sur notre site avec un large choix de vid\u00e9os gratuit et en HD. Tu aimes le sexe inattendu o\u00f9 la m\u00e8re surprend son fils en train de se masturber, puis sous le choc de ce qu&rsquo;est devenu son propre fils. Elle l&rsquo;aide et le branle puis il se mette \u00e0 l&rsquo;acte, et tout \u00e7a pour le plus grand plaisir de la maman et du fils. Alors n&rsquo;h\u00e9site pas, tu en as des centaines sur MomPornOnly \u00e0 cette adresse : <a href=\"https:\/\/leakmyporn.com\/fr\/category\/mom-teach-sex\/\">MomTeachSex<\/a>. Tu pourras retrouver <a title=\"Regarder les vid\u00e9os avec le tag cory chase\" href=\"https:\/\/leakmyporn.com\/fr\/tag\/cory-chase\/\">Cory Chase<\/a>, <a title=\"Regarder les vid\u00e9os avec le tag brandi love\" href=\"https:\/\/leakmyporn.com\/fr\/tag\/brandi-love\/\">Brandi Love<\/a> ou encore <a title=\"Regarder les vid\u00e9os avec le tag ashley alban\" href=\"https:\/\/leakmyporn.com\/fr\/tag\/ashley-alban\/\">Ashley Alban<\/a> et bien d&rsquo;autres MILF qui veulent de la bite.<\/p>\n<h2>Des centaines de cat\u00e9gories et de tags cumul\u00e9s pour vous<\/h2>\n<p>Nous mettons \u00e0 votre disposition des cat\u00e9gories et des tags de qualit\u00e9s pour r\u00e9pondre le plus possible \u00e0 vos besoins. Alors combinez les pour obtenir votre d\u00e9sir le plus profond, anal, threesome, skinny, granny, swallow, cumshot, blowjob, handjob, big tits, big ass et tellement d&rsquo;autres..<br \/>\nNous sommes \u00e0 l&rsquo;\u00e9coute de nos utilisateurs alors n&rsquo;h\u00e9sitez pas \u00e0 nous contacter. En esp\u00e9rant que vous passerez du bon temps sur MomPornOnly le N\u00b01 des vid\u00e9os de mamans en HD gratuit et illimit\u00e9 !<\/p>\n<h2>Les grands noms du porno sur MomPornOnly<\/h2>\n<p>En effet, vous \u00eates un accro au sexe, pas de soucis nous regroupons toutes les meilleures vid\u00e9os XXX en HD et gratuit de tout les plus grands studios. Tel que <strong>MomsTeachSex, Mommys Girl<\/strong>, ou encore <strong>My Friends Hot Mom, Moms Bang Teen<\/strong> et bien d&rsquo;autres&#8230;<br \/>\nTu pr\u00e9f\u00e8re les vid\u00e9os amateurs, pas de soucis nous regroupons une large proposition de vid\u00e9os amateur en HD et gratuit sp\u00e9cialement pour vous. Il est bien entendu que tout ces services sont mis \u00e0 votre disposition gratuitement alors profitez-en !<br \/>\nTu aimes bien te branler devant des cams girl ? MomPornOnly vous offre \u00e9galement cette possibilit\u00e9 avec l&rsquo;\u00e9lite des cams girl les plus chaudes et les plus coquines qui existent.<br \/>\nPour r\u00e9sumer nous dirons simplement que vous pouvez retrouver tout ce que vous voulez sur notre site, une barre de recherche est implant\u00e9 pour votre plus grand bonheur. Des vid\u00e9os XXX en HD gratuit d&rsquo;un gros studio \u00e0 des vid\u00e9os amateurs de mamans tr\u00e8s chaude qui aiment la bite. <strong>TOUT<\/strong> est possible alors prends du bon temps et r\u00e9alise tes fantasmes les plus fous !<br \/>\nSi tu pr\u00e9f\u00e8re les vid\u00e9os de petites fran\u00e7aises bien chaudes, nous vous proposons afin de satisfaire vos besoins, un site proposant des vid\u00e9os XXX 100% francaises et gratuites ! Ne nous remercie pas : <a href=\"https:\/\/xfrenchies.com\/\" rel=\"dofollow noopener noreferrer\" target=\"_blank\">xFrenchies<\/a><\/p>\n","protected":false},"excerpt":{"rendered":"<p>Bienvenue sur leakmyporn.com\/, site de porno de maman compl\u00e8tement gratuit MomPornOnly est depuis peu un acteur majeur dans le porno en streaming porno gratuit avec uniquement des mamans. Chaque jour, nous choisissons des vid\u00e9os de stepmom de tr\u00e8s bonne qualit\u00e9 pour que nos utilisateurs soient le plus satisfait possible. Sur MomPornOnly, il y a plus [&hellip;]<\/p>\n","protected":false},"author":1,"featured_media":0,"parent":0,"menu_order":0,"comment_status":"closed","ping_status":"closed","template":"templates\/template-categories.php","meta":{"footnotes":""},"class_list":["post-7","page","type-page","status-publish","hentry"],"_links":{"self":[{"href":"https:\/\/leakmyporn.com\/fr\/wp-json\/wp\/v2\/pages\/7","targetHints":{"allow":["GET"]}}],"collection":[{"href":"https:\/\/leakmyporn.com\/fr\/wp-json\/wp\/v2\/pages"}],"about":[{"href":"https:\/\/leakmyporn.com\/fr\/wp-json\/wp\/v2\/types\/page"}],"author":[{"embeddable":true,"href":"https:\/\/leakmyporn.com\/fr\/wp-json\/wp\/v2\/users\/1"}],"replies":[{"embeddable":true,"href":"https:\/\/leakmyporn.com\/fr\/wp-json\/wp\/v2\/comments?post=7"}],"version-history":[{"count":0,"href":"https:\/\/leakmyporn.com\/fr\/wp-json\/wp\/v2\/pages\/7\/revisions"}],"wp:attachment":[{"href":"https:\/\/leakmyporn.com\/fr\/wp-json\/wp\/v2\/media?parent=7"}],"curies":[{"name":"wp","href":"https:\/\/api.w.org\/{rel}","templated":true}]}}